{"id":1474,"date":"2018-05-17T11:05:39","date_gmt":"2018-05-17T10:05:39","guid":{"rendered":"http:\/\/plattformblut.at\/wienerbluttage\/?page_id=1474"},"modified":"2022-01-31T11:14:41","modified_gmt":"2022-01-31T10:14:41","slug":"datenschutz","status":"publish","type":"page","link":"https:\/\/plattformblut.at\/wienerbluttage\/datenschutz\/","title":{"rendered":"DATENSCHUTZ"},"content":{"rendered":"<p>[et_pb_section fb_built=&#8220;1&#8243; fullwidth=&#8220;on&#8220; _builder_version=&#8220;3.22&#8243; global_colors_info=&#8220;{}&#8220;][et_pb_fullwidth_header title=&#8220;Datenschutz&#8220; content_max_width=&#8220;none&#8220; admin_label=&#8220;Vollbreite Kopfzeile&#8220; _builder_version=&#8220;3.16&#8243; background_color=&#8220;rgba(255, 255, 255, 0)&#8220; background_layout=&#8220;light&#8220; global_colors_info=&#8220;{}&#8220; button_one_text_size__hover_enabled=&#8220;off&#8220; button_two_text_size__hover_enabled=&#8220;off&#8220; button_one_text_color__hover_enabled=&#8220;off&#8220; button_two_text_color__hover_enabled=&#8220;off&#8220; button_one_border_width__hover_enabled=&#8220;off&#8220; button_two_border_width__hover_enabled=&#8220;off&#8220; button_one_border_color__hover_enabled=&#8220;off&#8220; button_two_border_color__hover_enabled=&#8220;off&#8220; button_one_border_radius__hover_enabled=&#8220;off&#8220; button_two_border_radius__hover_enabled=&#8220;off&#8220; button_one_letter_spacing__hover_enabled=&#8220;off&#8220; button_two_letter_spacing__hover_enabled=&#8220;off&#8220; button_one_bg_color__hover_enabled=&#8220;off&#8220; button_two_bg_color__hover_enabled=&#8220;off&#8220;][\/et_pb_fullwidth_header][\/et_pb_section][et_pb_section fb_built=&#8220;1&#8243; _builder_version=&#8220;3.22&#8243; global_colors_info=&#8220;{}&#8220;][et_pb_row _builder_version=&#8220;3.25&#8243; background_size=&#8220;initial&#8220; background_position=&#8220;top_left&#8220; background_repeat=&#8220;repeat&#8220; global_colors_info=&#8220;{}&#8220;][et_pb_column type=&#8220;4_4&#8243; _builder_version=&#8220;3.25&#8243; custom_padding=&#8220;|||&#8220; global_colors_info=&#8220;{}&#8220; custom_padding__hover=&#8220;|||&#8220;][et_pb_text admin_label=&#8220;Text&#8220; _builder_version=&#8220;4.14.6&#8243; background_size=&#8220;initial&#8220; background_position=&#8220;top_left&#8220; background_repeat=&#8220;repeat&#8220; hover_enabled=&#8220;0&#8243; global_colors_info=&#8220;{}&#8220; sticky_enabled=&#8220;0&#8243;]<\/p>\n<p><strong>Datenschutzerkl\u00e4rung<\/strong><\/p>\n<p>In unserer Datenschutzerkl\u00e4rung wird erl\u00e4utert, welche Informationen wir erheben, aus welchem Grund und wie wir diese Informationen nutzen.<\/p>\n<p><strong> Von uns erhobene Informationen<\/strong><\/p>\n<p>Der Besuch unserer Website ist grunds\u00e4tzlich ohne Angabe personenbezogener Daten m\u00f6glich. Es werden lediglich die von Ihrem Internet-Provider mitgeteilten Angaben erhoben (v.a. die Ihnen zugewiesene IP-Adresse). Diese Informationen werden von uns lediglich f\u00fcr die Dauer des Website-Besuchs gespeichert; eine Auswertung erfolgt lediglich zu statistischen Zwecken, wobei der einzelne Nutzer anonym bleibt.<\/p>\n<p><strong>Kontaktformulare<\/strong><\/p>\n<p>Im Rahmen der anzugebenden Daten im Rahmen der Kontaktformulare speichern wir Ihren Namen und Ihre postalische sowie Ihre E-Mail-Adresse bis zur vollst\u00e4ndigen Bearbeitung Ihrer Anfrage. F\u00fcr andere Zwecke als f\u00fcr Ihre Anfrage verwenden wir Ihre Daten nicht. Mit Absenden Ihrer Angaben im Rahmen der Kontaktformulare erteilen Sie Ihre Zustimmung zur Speicherung und Verarbeitung Ihres Namens und Ihrer postalischen sowie Ihrer E-Mail-Adresse zum Zweck der vollst\u00e4ndigen Bearbeitung Ihrer Anfrage.<\/p>\n<p>Wir weisen darauf hin, dass die Daten\u00fcbertragung im Internet (z.B. bei der Kommunikation per E-Mail) Sicherheitsl\u00fccken aufweisen kann. Ein l\u00fcckenloser Schutz der Daten vor einem Zugriff durch Dritte ist nicht m\u00f6glich.<\/p>\n<p><strong>Auskunftsrecht<\/strong><\/p>\n<p>Auf Ihr Verlangen teilen wir Ihnen gerne kostenlos mit, ob und welche personenbezogenen Daten zu Ihrer Person gespeichert sind sowie verarbeitet werden. Unrichtige Daten werden von uns nach Kenntnis berichtigt.<\/p>\n<p><strong>Ansprechpartner<\/strong><\/p>\n<p>S\u00e4mtliche Anfragen, Erkl\u00e4rungen und R\u00fcckfragen zur Datennutzung richten Sie bitte an <a href=\"mailto:wienerbluttage@healthcc.at\">wienerbluttage@healthcc.at<\/a><\/p>\n<p><strong> Recht auf Widerruf<\/strong><\/p>\n<p>Sie haben jederzeit das Recht auf Widerruf der Nutzung Ihrer personenbezogenen Daten. Schicken Sie bitte eine E-Mail an <a href=\"mailto:wienerbluttage@healthcc.at\">wienerbluttage@healthcc.at<\/a>, wir werden Ihre Daten dann umgehend l\u00f6schen.<\/p>\n<p><strong> Daten f\u00fcr den Newsletter-Versand<\/strong><\/p>\n<p>Wenn Sie sich auf dem Newsletter-Verteiler eintragen, werden die von Ihnen ausgef\u00fcllten Daten von uns auf einem Server gespeichert. Wir setzen diese Daten ausschlie\u00dflich f\u00fcr den Versand der E-Mail-Newsletter ein. Zur Analyse der Systemleistung werden die Datens\u00e4tze f\u00fcr statistische Auswertungen genutzt. Wir geben Ihre Daten nicht an Dritte weiter und nutzen sie auch nicht f\u00fcr sonstige eigene Zwecke. Durch das Anmeldesystem mit einer zus\u00e4tzlichen Best\u00e4tigungsnachricht, die einen Link zu einer endg\u00fcltigen Registrierung enth\u00e4lt (\u201eDouble-Opt-In\u201c) ist sichergestellt, dass der Newsletter von Ihnen explizit erw\u00fcnscht ist und Sie Ihre Zustimmung zur Speicherung und Verarbeitung Ihrer E-Mail-Adresse zum Zwecke der Zusendung des Newsletters und f\u00fcr statistische Auswertungen zur Analyse der Systemleistung erteilen.<\/p>\n<p>Die Bestellung des Newsletters und Ihre Einwilligung zur Speicherung und Verarbeitung der E-Mail-Adresse k\u00f6nnen Sie jederzeit widerrufen, indem Sie eine E-Mail an <a href=\"mailto:wienerbluttage@healthcc.at\">wienerbluttage@healthcc.at<\/a> mit dem Betreff NEWSLETTER ABMELDEN senden. In diesem Fall werden die von Ihnen eingegebenen bzw. zur Verf\u00fcgung gestellten Daten umgehend von uns gel\u00f6scht.<\/p>\n<p><a href=\"https:\/\/plattformblut.at\/wienerbluttage\/wp-content\/Vertrag_AV_health-care-communication-Seidl-Fitzgerald-OG_20180517-215135.pdf\">Vetrag mit Newsletter2go<\/a><\/p>\n<p><strong>Cookies<\/strong><\/p>\n<p>Um Ihnen eine bessere Nutzung unserer Website zu erm\u00f6glichen, setzen wir die als \u201eCookies\u201c bekannten kleinen Textdateien ein, um Pr\u00e4ferenzen der Nutzer zu verfolgen und unsere Website entsprechend optimal gestalten zu k\u00f6nnen. Cookies verwenden wir jedoch nicht, um die einzelnen Besuche unserer Website zu verfolgen. Cookies werden heute von den meisten Websites routinem\u00e4\u00dfig eingesetzt. Sollten Sie in dieser Hinsicht jedoch Bedenken haben, k\u00f6nnen Sie Ihren Browser auch so einstellen, dass er keine Cookies akzeptiert.<\/p>\n<p><strong> Google Analytics:<\/strong><\/p>\n<p>Datenschutz und Widerspruchsm\u00f6glichkeit<\/p>\n<p>Diese Website benutzt Google Analytics, einen Webanalysedienst der Google Inc. (\u201eGoogle\u201c). Google Analytics verwendet sog. \u201eCookies\u201c, Textdateien, die auf Ihrem Computer gespeichert werden und die eine Analyse der Benutzung der Website durch Sie erm\u00f6glichen. Die durch den Cookie erzeugten Informationen \u00fcber Ihre Benutzung dieser Website werden in der Regel an einen Server von Google in den USA \u00fcbertragen und dort gespeichert. Im Falle der Aktivierung der IP-Anonymisierung auf dieser Webseite, wird Ihre IP-Adresse von Google jedoch innerhalb von Mitgliedstaaten der Europ\u00e4ischen Union oder in anderen Vertragsstaaten des Abkommens \u00fcber den Europ\u00e4ischen Wirtschaftsraum zuvor gek\u00fcrzt. Nur in Ausnahmef\u00e4llen wird die volle IP-Adresse an einen Server von Google in den USA \u00fcbertragen und dort gek\u00fcrzt. Im Auftrag des Betreibers dieser Website wird Google diese Informationen benutzen, um Ihre Nutzung der Website auszuwerten, um Reports \u00fcber die Websiteaktivit\u00e4ten zusammenzustellen und um weitere mit der Websitenutzung und der Internetnutzung verbundene Dienstleistungen gegen\u00fcber dem Websitebetreiber zu erbringen. Die im Rahmen von Google Analytics von Ihrem Browser \u00fcbermittelte IP-Adresse wird nicht mit anderen Daten von Google zusammengef\u00fchrt. Sie k\u00f6nnen die Speicherung der Cookies durch eine entsprechende Einstellung Ihrer Browser-Software verhindern; wir weisen Sie jedoch darauf hin, dass Sie in diesem Fall gegebenenfalls nicht s\u00e4mtliche Funktionen dieser Website vollumf\u00e4nglich werden nutzen k\u00f6nnen. Sie k\u00f6nnen dar\u00fcber hinaus die Erfassung der durch das Cookie erzeugten und auf Ihre Nutzung der Website bezogenen Daten (inkl. Ihrer IP-Adresse) an Google sowie die Verarbeitung dieser Daten durch Google verhindern, indem sie das unter dem folgenden Link verf\u00fcgbare Browser-Plugin herunterladen und installieren: Browser-Add-on zur Deaktivierung von Google Analytics<\/p>\n<p>Allgemeine Informationen zu Google Analytics und Datenschutz finden Sie im Datenschutz-Center von Google. Diese Website wurde um die Funktion \u201eanonymizeIp\u201c erweitert um eine anonymisierte Erfassung von IP-Adressen (sog. IP-Masking) zu gew\u00e4hrleisten.<\/p>\n<p>Sie k\u00f6nnen die Erfassung durch Google Analytics verhindern, indem Sie auf folgende Verkn\u00fcpfung klicken. Es wird ein Opt-Out-Cookie gesetzt, das die zuk\u00fcnftige Erfassung Ihrer Daten beim Besuch dieser Website verhindert, solange das Cookie nicht gel\u00f6scht wird: Verbiete Google Analytics, mich zu verfolgen<\/p>\n<p><strong>Facebook<\/strong><\/p>\n<p>Diese Website verwendet Social Plugins (\u201cPlugins\u201d) des sozialen Netzwerkes facebook.com, welches von der Facebook Inc., 1601 S. California Ave, Palo Alto, CA 94304, USA betrieben wird (\u201cFacebook\u201d). Die Plugins sind an einem der Facebook Logos erkennbar (wei\u00dfes \u201ef\u201c auf blauer Kachel oder ein \u201eDaumen hoch\u201c-Zeichen) oder sind mit dem Zusatz \u201cFacebook Social Plugin\u201d gekennzeichnet. Die Liste und das Aussehen der Facebook Social Plugins kann hier eingesehen werden: https:\/\/developers.facebook.com\/docs\/plugins.<br \/>Wenn Sie eine Webseite dieser Website aufrufen, die ein solches Plugin enth\u00e4lt, baut Ihr Browser eine direkte Verbindung mit den Servern von Facebook auf. Der Inhalt des Plugins wird von Facebook direkt an Ihren Browser \u00fcbermittelt und von diesem in die Webseite eingebunden. Ich habe daher keinen Einfluss auf den Umfang der Daten, die Facebook mit Hilfe dieses Plugins erhebt und informiere Sie daher entsprechend meinem Kenntnisstand:<br \/>Durch die Einbindung der Plugins erh\u00e4lt Facebook die Information, dass Sie die entsprechende Seite meines Internetauftritts aufgerufen haben. Sind Sie bei Facebook eingeloggt, kann Facebook den Besuch Ihrem Facebook-Konto zuordnen. Wenn Sie mit den Plugins interagieren, zum Beispiel den Like Button bet\u00e4tigen oder einen Kommentar abgeben, wird die entsprechende Information von Ihrem Browser direkt an Facebook \u00fcbermittelt und dort gespeichert. Falls Sie kein Mitglied von Facebook sind, besteht trotzdem die M\u00f6glichkeit, dass Facebook Ihre IP-Adresse in Erfahrung bringt und speichert.<br \/>Zweck und Umfang der Datenerhebung und die weitere Verarbeitung und Nutzung der Daten durch Facebook sowie Ihre diesbez\u00fcglichen Rechte und Einstellungsm\u00f6glichkeiten zum Schutz Ihrer Privatssph\u00e4re entnehmen Sie bitte den Datenschutzhinweisen von Facebook: https:\/\/www.facebook.com\/about\/privacy.<br \/>Wenn Sie Facebookmitglied sind und nicht m\u00f6chten, dass Facebook \u00fcber diesen Internetauftritt Daten \u00fcber Sie sammelt und mit Ihren bei Facebook gespeicherten Mitgliedsdaten verkn\u00fcpft, m\u00fcssen Sie sich vor Ihrem Besuch dieser Website bei Facebook ausloggen. Ebenfalls ist es m\u00f6glich Facebook-Social-Plugins mit Add-ons f\u00fcr Ihren Browser zu blocken, zum Beispiel mit dem \u201cFacebook Blocker\u201d.<\/p>\n<p><strong>XING<\/strong><\/p>\n<p>Ich m\u00f6chte Sie hier \u00fcber die Verarbeitung von personenbezogenen Daten \u00fcber die Funktion des XING Share-Buttons informieren.<br \/>Auf dieser Internetseite wird der \u201cXING Share-Button\u201d eingesetzt. Beim Aufruf dieser Internetseite wird \u00fcber Ihren Browser eine Verbindung zu Servern der XING AG (\u201cXING\u201d) aufgebaut, mit denen die \u201cXING Share-Button\u201d-Funktionen (insbesondere die Berechnung\/Anzeige des Z\u00e4hlerwerts) erbracht werden. XING speichert keine personenbezogenen Daten von Ihnen \u00fcber den Aufruf dieser Internetseite. XING speichert insbesondere keine IP-Adressen. Es findet auch keine Auswertung Ihres Nutzungsverhaltens \u00fcber die Verwendung von Cookies im Zusammenhang mit dem \u201cXING Share-Button\u201d statt. Die jeweils aktuellen Datenschutzinformationen zum \u201cXING Share-Button\u201d und erg\u00e4nzende Informationen k\u00f6nnen Sie auf dieser Internetseite abrufen: https:\/\/www.xing.com\/app\/share?op=data_protection<\/p>\n<p>&nbsp;<\/p>\n<p><strong>Zahlungsbedingungen<\/strong><\/p>\n<p>Bitte haben Sie Verst\u00e4ndnis, dass bei Stornierungen ab 4 Wochen vor dem Event 50% des Kongressbeitrages verrechnet werden m\u00fcssen. Bei bis 2 Wochen vor dem Termin oder bei Nichterscheinen am Veranstaltungstag erfolgt keine R\u00fcckzahlung des Kongressbeitrages. Selbstverst\u00e4ndlich k\u00f6nnen Sie aber eine\/n ErsatzteilnehmerIn nennen.<\/p>\n<p>&nbsp;<\/p>\n<p><strong>Datenschutzvereinbarung<\/strong><\/p>\n<p>Mit Ihrer Anmeldung stimmen Sie zu, dass Ihr Name und Ihre Einrichtung auf der TeilnehmerInnenliste ver\u00f6ffentlicht werden und erkl\u00e4ren sich damit einverstanden, dass Ihre angegebenen Daten elektronisch gespeichert und zum Zweck der Kontaktaufnahme verarbeitet und genutzt werden k\u00f6nnen. Ihre Einwilligung kann selbstverst\u00e4ndlich jederzeit widerrufen werden.<\/p>\n<p>Mit der Anmeldung erkl\u00e4ren Sie sich damit einverstanden, dass Fotos und Videos w\u00e4hrend der Veranstaltung aufgenommen und ver\u00f6ffentlicht werden k\u00f6nnen, sowie \u00fcber die Fortbildungsreihe in Bild, Ton und Schrift berichtet wird.<\/p>\n<p>&nbsp;<\/p>\n<p>[\/et_pb_text][\/et_pb_column][\/et_pb_row][\/et_pb_section]<\/p>\n","protected":false},"excerpt":{"rendered":"<p>Datenschutzerkl\u00e4rung In unserer Datenschutzerkl\u00e4rung wird erl\u00e4utert, welche Informationen wir erheben, aus welchem Grund und wie wir diese Informationen nutzen. Von uns erhobene Informationen Der Besuch unserer Website ist grunds\u00e4tzlich ohne Angabe personenbezogener Daten m\u00f6glich. Es werden lediglich die von Ihrem Internet-Provider mitgeteilten Angaben erhoben (v.a. die Ihnen zugewiesene IP-Adresse). Diese Informationen werden von uns lediglich [&hellip;]<\/p>\n","protected":false},"author":1,"featured_media":0,"parent":0,"menu_order":0,"comment_status":"closed","ping_status":"closed","template":"","meta":{"_et_pb_use_builder":"on","_et_pb_old_content":"","_et_gb_content_width":"","footnotes":""},"class_list":["post-1474","page","type-page","status-publish","hentry"],"aioseo_notices":[],"_links":{"self":[{"href":"https:\/\/plattformblut.at\/wienerbluttage\/wp-json\/wp\/v2\/pages\/1474","targetHints":{"allow":["GET"]}}],"collection":[{"href":"https:\/\/plattformblut.at\/wienerbluttage\/wp-json\/wp\/v2\/pages"}],"about":[{"href":"https:\/\/plattformblut.at\/wienerbluttage\/wp-json\/wp\/v2\/types\/page"}],"author":[{"embeddable":true,"href":"https:\/\/plattformblut.at\/wienerbluttage\/wp-json\/wp\/v2\/users\/1"}],"replies":[{"embeddable":true,"href":"https:\/\/plattformblut.at\/wienerbluttage\/wp-json\/wp\/v2\/comments?post=1474"}],"version-history":[{"count":8,"href":"https:\/\/plattformblut.at\/wienerbluttage\/wp-json\/wp\/v2\/pages\/1474\/revisions"}],"predecessor-version":[{"id":3265,"href":"https:\/\/plattformblut.at\/wienerbluttage\/wp-json\/wp\/v2\/pages\/1474\/revisions\/3265"}],"wp:attachment":[{"href":"https:\/\/plattformblut.at\/wienerbluttage\/wp-json\/wp\/v2\/media?parent=1474"}],"curies":[{"name":"wp","href":"https:\/\/api.w.org\/{rel}","templated":true}]}}