{"id":68,"date":"2015-01-04T19:13:10","date_gmt":"2015-01-04T18:13:10","guid":{"rendered":"http:\/\/www.plattformblut.at\/dev\/?page_id=68"},"modified":"2026-01-21T19:14:37","modified_gmt":"2026-01-21T18:14:37","slug":"vortragende","status":"publish","type":"page","link":"https:\/\/plattformblut.at\/wienerbluttage\/vortragende\/","title":{"rendered":"ReferentInnen"},"content":{"rendered":"<ul>\n<li>Ing. Dr. Benjamin <strong>AMANN<\/strong>, Abteilung f\u00fcr An\u00e4sthesie und Intensivmedizin, Klinikum Klagenfurt<\/li>\n<li>Mag. pharm. Martina <strong>ANDITSCH<\/strong>, aHPh, Anstaltsapotheke des Allgemeinen Krankenhauses Wien<\/li>\n<li>Assoc. Prof. PD Dr. David <strong>BARON<\/strong>, PhD, Universit\u00e4tsklinik f\u00fcr An\u00e4sthesie, Allgemeine Intensivmedizin und Schmerztherapie, Medizinische Universit\u00e4t Wien<\/li>\n<li>Mag. Dr. Moritz <strong>BUCHMANN<\/strong>, ELGA GmbH<\/li>\n<li>Dr. Christoph <strong>BUCHTA<\/strong>, MBA, \u00d6QUASTA<\/li>\n<li>Dr. Helga <strong>DIER<\/strong>, PM.ME., Klinische Abteilung f\u00fcr An\u00e4sthesiologie und Intensivmedizin, Universit\u00e4tsklinikum St. P\u00f6lten \u2013 Lilienfeld<\/li>\n<li>Univ.-Prof. Dr. Sabine <strong>EICHINGER-HASENAUER<\/strong>, Universit\u00e4tsklinik f\u00fcr Innere Medizin I, Klinische Abteilung f\u00fcr H\u00e4matologie und H\u00e4mostaseologie, Medizinische Universit\u00e4t Wien<\/li>\n<li>Dr. Thomas <strong>FEURSTEIN<\/strong>, Abteilung f\u00fcr An\u00e4sthesie und Intensivmedizin, Landeskrankenhaus Feldkirch<\/li>\n<li>Mag. Gerry <strong>FOITIK<\/strong>, \u00d6sterreichisches Rotes Kreuz<\/li>\n<li>Univ.-Prof. Dr. Nikolaus <strong>FORG\u00d3<\/strong>, Institut f\u00fcr Innovation und Digitalisierung im Recht, Universit\u00e4t Wien<\/li>\n<li>MMag. Ludmilla <strong>GASSER, <\/strong>Bundesministerium f\u00fcr Arbeit, Soziales, Gesundheit, Pflege und Konsumentenschutz<\/li>\n<li>Univ.-Prof. Dr. Paul <strong>KN\u00d6BL<\/strong>, Innere Medizin I, Medizinische Universit\u00e4t Wien<\/li>\n<li>Univ.-Prof. Dr. G\u00fcnther <strong>K\u00d6RM\u00d6CZI<\/strong>, MME, Universit\u00e4tsklinik f\u00fcr Transfusionsmedizin und Zelltherapie, Medizinische Universit\u00e4t Wien<\/li>\n<li>Prim. Univ.-Prof. Dr. Ludwig<strong> KRAMER<\/strong>, FEBGH, 1. Medizinische Abteilung mit Gastroenterologie, Klinik Hietzing<\/li>\n<li>Prim. Univ.-Prof. Dr. Sibylle <strong>LANGENECKER<\/strong>, MBA, Abteilung f\u00fcr An\u00e4sthesie und Intensivmedizin, Evangelisches Krankenhaus Wien<\/li>\n<li>Univ.-Prof. Dr. Jens <strong>MEIER<\/strong>, Universit\u00e4tsklinik f\u00fcr An\u00e4sthesiologie und Operative Intensivmedizin, Kepler Universit\u00e4tsklinikum<\/li>\n<li>Univ.-Prof. Dr. Antonia <strong>M\u00dcLLER<\/strong>, Universit\u00e4tsklinik f\u00fcr Transfusionsmedizin und Zelltherapie, Medizinische Universit\u00e4t Wien<\/li>\n<li>Dr. Verena <strong>NUNHOFER<\/strong>, \u00d6sterreichisches Rotes Kreuz<\/li>\n<li>Dr. Katharina <strong>REICH<\/strong>, Bundesministerium f\u00fcr Soziales, Gesundheit, Pflege und Konsumentenschutz<\/li>\n<li>Dr. Martin <strong>REICHMAYR<\/strong>, 1. Medizinische Abteilung, Klinik Hietzing<\/li>\n<li>Prim. Univ.-Doz. Dr. Harald <strong>SCHENNACH<\/strong>, Zentralinstitut f\u00fcr Bluttransfusion und Immunologische Abteilung, Landeskrankenhaus Innsbruck<\/li>\n<li>Dr. Claudia <strong>STEINB\u00d6CK<\/strong>, Bundesministerium f\u00fcr Soziales, Gesundheit, Pflege und Konsumentenschutz<\/li>\n<li>Ass.-Prof. Mag. Dr. Thomas <strong>STIMPFL<\/strong>, Klinisches Institut f\u00fcr Labormedizin, Medizinische Universit\u00e4t Wien<\/li>\n<li>Priv.-Doz. Dr. Benedikt <strong>TREML<\/strong>, MBA, Universit\u00e4tsklinik f\u00fcr An\u00e4sthesie und Intensivmedizin, Landeskrankenhaus Innsbruck<\/li>\n<li>Dr. Lisa <strong>WEIDNER, <\/strong>\u00d6sterreichisches Rotes Kreuz<\/li>\n<li>Priv.-Doz. DDr. Johannes <strong>ZIPPERLE<\/strong>, MSc, Ludwig Boltzmann Institut f\u00fcr Traumatologie<\/li>\n<\/ul>\n<p>&nbsp;<\/p>\n<p>Hier werden Referent*innen der Wiener Bluttage 2026 laufend ver\u00f6ffentlicht.<\/p>\n","protected":false},"excerpt":{"rendered":"<p>Ing. Dr. Benjamin AMANN, Abteilung f\u00fcr An\u00e4sthesie und Intensivmedizin, Klinikum Klagenfurt Mag. pharm. Martina ANDITSCH, aHPh, Anstaltsapotheke des Allgemeinen Krankenhauses Wien Assoc. Prof. PD Dr. David BARON, PhD, Universit\u00e4tsklinik f\u00fcr An\u00e4sthesie, Allgemeine Intensivmedizin und Schmerztherapie, Medizinische Universit\u00e4t Wien Mag. Dr. Moritz BUCHMANN, ELGA GmbH Dr. Christoph BUCHTA, MBA, \u00d6QUASTA Dr. Helga DIER, PM.ME., Klinische Abteilung [&hellip;]<\/p>\n","protected":false},"author":1,"featured_media":0,"parent":0,"menu_order":0,"comment_status":"open","ping_status":"open","template":"","meta":{"_et_pb_use_builder":"","_et_pb_old_content":"","_et_gb_content_width":"","footnotes":""},"class_list":["post-68","page","type-page","status-publish","hentry"],"aioseo_notices":[],"_links":{"self":[{"href":"https:\/\/plattformblut.at\/wienerbluttage\/wp-json\/wp\/v2\/pages\/68","targetHints":{"allow":["GET"]}}],"collection":[{"href":"https:\/\/plattformblut.at\/wienerbluttage\/wp-json\/wp\/v2\/pages"}],"about":[{"href":"https:\/\/plattformblut.at\/wienerbluttage\/wp-json\/wp\/v2\/types\/page"}],"author":[{"embeddable":true,"href":"https:\/\/plattformblut.at\/wienerbluttage\/wp-json\/wp\/v2\/users\/1"}],"replies":[{"embeddable":true,"href":"https:\/\/plattformblut.at\/wienerbluttage\/wp-json\/wp\/v2\/comments?post=68"}],"version-history":[{"count":227,"href":"https:\/\/plattformblut.at\/wienerbluttage\/wp-json\/wp\/v2\/pages\/68\/revisions"}],"predecessor-version":[{"id":5619,"href":"https:\/\/plattformblut.at\/wienerbluttage\/wp-json\/wp\/v2\/pages\/68\/revisions\/5619"}],"wp:attachment":[{"href":"https:\/\/plattformblut.at\/wienerbluttage\/wp-json\/wp\/v2\/media?parent=68"}],"curies":[{"name":"wp","href":"https:\/\/api.w.org\/{rel}","templated":true}]}}